{"id":10047,"date":"2020-12-01T08:45:17","date_gmt":"2020-12-01T07:45:17","guid":{"rendered":"http:\/\/vrteckonjice.splet.arnes.si\/?page_id=10047"},"modified":"2020-12-23T23:07:44","modified_gmt":"2020-12-23T22:07:44","slug":"koledar","status":"publish","type":"page","link":"https:\/\/vrteckonjice.splet.arnes.si\/?page_id=10047","title":{"rendered":"PRAZNI\u010cNI KOLEDAR PRESENE\u010cENJ IN PRI\u010cAKOVANJ"},"content":{"rendered":"<p>[et_pb_section fb_built=&#8221;1&#8243; admin_label=&#8221;section&#8221; _builder_version=&#8221;4.7.3&#8243; background_color=&#8221;#ffffff&#8221; background_enable_image=&#8221;off&#8221; parallax=&#8221;on&#8221; parallax_method=&#8221;off&#8221; transparent_background=&#8221;off&#8221; make_fullwidth=&#8221;off&#8221; use_custom_width=&#8221;off&#8221; width_unit=&#8221;on&#8221;][et_pb_row admin_label=&#8221;row&#8221; _builder_version=&#8221;4.7.3&#8243; background_color=&#8221;rgba(0,0,0,0)&#8221; parallax=&#8221;on&#8221; parallax_method=&#8221;off&#8221; background_enable_video_mp4=&#8221;off&#8221; background_video_pause_outside_viewport=&#8221;off&#8221; custom_padding=&#8221;0px||0px||false|false&#8221; border_radii=&#8221;on|100px|100px|100px|100px&#8221; make_fullwidth=&#8221;off&#8221; use_custom_width=&#8221;off&#8221; width_unit=&#8221;on&#8221;][et_pb_column type=&#8221;4_4&#8243; _builder_version=&#8221;4.7.3&#8243; background_color=&#8221;rgba(255,255,255,0.5)&#8221; custom_padding=&#8221;|||&#8221; custom_padding__hover=&#8221;|||&#8221;][et_pb_divider show_divider=&#8221;off&#8221; _builder_version=&#8221;4.7.3&#8243; _module_preset=&#8221;default&#8221; width=&#8221;100%&#8221; height=&#8221;50px&#8221; max_height=&#8221;1000px&#8221; custom_padding=&#8221;||0px|||&#8221;][\/et_pb_divider][et_pb_post_title meta=&#8221;off&#8221; featured_image=&#8221;off&#8221; _builder_version=&#8221;4.7.3&#8243; _module_preset=&#8221;default&#8221; title_level=&#8221;h2&#8243; title_text_color=&#8221;#c55f0d&#8221; background_color=&#8221;rgba(0,0,0,0)&#8221; text_orientation=&#8221;center&#8221;][\/et_pb_post_title][et_pb_tabs _builder_version=&#8221;4.7.3&#8243; _module_preset=&#8221;default&#8221; background_color=&#8221;rgba(255,255,255,0.5)&#8221; width=&#8221;80%&#8221; max_width=&#8221;100%&#8221; module_alignment=&#8221;center&#8221; hover_enabled=&#8221;0&#8243; border_radii=&#8221;on|23px|23px|23px|23px&#8221; border_color_all=&#8221;#e09900&#8243; border_style_all=&#8221;dashed&#8221; sticky_enabled=&#8221;0&#8243;][et_pb_tab title=&#8221;1&#8243; _builder_version=&#8221;4.7.3&#8243; _module_preset=&#8221;default&#8221; background_color=&#8221;rgba(255,255,255,0.47)&#8221;]<\/p>\n<p style=\"text-align: center\">ngg_shortcode_0_placeholder<\/p>\n<p>[\/et_pb_tab][et_pb_tab title=&#8221;2&#8243; _builder_version=&#8221;4.7.3&#8243; _module_preset=&#8221;default&#8221; background_color=&#8221;rgba(255,255,255,0.47)&#8221;]<\/p>\n<p style=\"text-align: center\">\n<!-- iframe plugin v.5.2 wordpress.org\/plugins\/iframe\/ -->\n<iframe loading=\"lazy\" width=\"640\" height=\"360\" src=\"https:\/\/video.arnes.si\/portal\/api\/asset\/embed\/u1addWWQjXYhWcWDJL5lPNPp?hideRelated=1\" frameborder=\"0\" webkitallowfullscreen mozallowfullscreen allowfullscreen scrolling=\"yes\" class=\"iframe-class\" name=\"ARNES\"><\/iframe>\n<\/p>\n<p>[\/et_pb_tab][et_pb_tab title=&#8221;3&#8243; _builder_version=&#8221;4.7.3&#8243; _module_preset=&#8221;default&#8221; background_color=&#8221;rgba(255,255,255,0.47)&#8221;]<\/p>\n<p><a href=\"http:\/\/vrteckonjice.splet.arnes.si\/files\/2020\/12\/3-1.jpg\"><img loading=\"lazy\" decoding=\"async\" class=\"wp-image-10205 size-large aligncenter\" src=\"http:\/\/vrteckonjice.splet.arnes.si\/files\/2020\/12\/3-1-724x1024.jpg\" alt=\"\" width=\"724\" height=\"1024\" \/><\/a> <a href=\"http:\/\/vrteckonjice.splet.arnes.si\/files\/2020\/12\/3-2.jpg\"><img loading=\"lazy\" decoding=\"async\" class=\"wp-image-10207 size-large aligncenter\" src=\"http:\/\/vrteckonjice.splet.arnes.si\/files\/2020\/12\/3-2-724x1024.jpg\" alt=\"\" width=\"724\" height=\"1024\" \/><\/a><\/p>\n<p>[\/et_pb_tab][et_pb_tab title=&#8221;4&#8243; _builder_version=&#8221;4.7.3&#8243; _module_preset=&#8221;default&#8221; background_color=&#8221;rgba(255,255,255,0.47)&#8221;]<\/p>\n<p><a href=\"http:\/\/vrteckonjice.splet.arnes.si\/files\/2020\/12\/4-1-scaled.jpg\"><img loading=\"lazy\" decoding=\"async\" class=\"aligncenter wp-image-10231 size-large\" src=\"http:\/\/vrteckonjice.splet.arnes.si\/files\/2020\/12\/4-1-724x1024.jpg\" alt=\"\" width=\"724\" height=\"1024\" \/><\/a> <a href=\"http:\/\/vrteckonjice.splet.arnes.si\/files\/2020\/12\/4-2-scaled.jpg\"><img loading=\"lazy\" decoding=\"async\" class=\"aligncenter wp-image-10233 size-large\" src=\"http:\/\/vrteckonjice.splet.arnes.si\/files\/2020\/12\/4-2-724x1024.jpg\" alt=\"\" width=\"724\" height=\"1024\" \/><\/a><\/p>\n<p>&nbsp;<\/p>\n<p style=\"text-align: center\">\n<!-- iframe plugin v.5.2 wordpress.org\/plugins\/iframe\/ -->\n<iframe loading=\"lazy\" width=\"640\" height=\"360\" src=\"https:\/\/video.arnes.si\/portal\/api\/asset\/embed\/r1lL9CsPOQRpheoaabdKDyHU?hideRelated=1\" frameborder=\"0\" webkitallowfullscreen mozallowfullscreen allowfullscreen scrolling=\"yes\" class=\"iframe-class\" name=\"ARNES\"><\/iframe>\n<\/p>\n<p>[\/et_pb_tab][et_pb_tab title=&#8221;7&#8243; _builder_version=&#8221;4.7.3&#8243; _module_preset=&#8221;default&#8221;]<\/p>\n<p style=\"text-align: center\">\n<!-- iframe plugin v.5.2 wordpress.org\/plugins\/iframe\/ -->\n<iframe loading=\"lazy\" width=\"640\" height=\"360\" src=\"https:\/\/video.arnes.si\/portal\/api\/asset\/embed\/I1CUUXzqMq8FtWWa1CGRHu8J?hideRelated=1\" frameborder=\"0\" webkitallowfullscreen mozallowfullscreen allowfullscreen scrolling=\"yes\" class=\"iframe-class\" name=\"ARNES\"><\/iframe>\n<\/p>\n<p>[\/et_pb_tab][et_pb_tab title=&#8221;8&#8243; _builder_version=&#8221;4.7.3&#8243; _module_preset=&#8221;default&#8221;]<\/p>\n<p style=\"text-align: center\">\n<!-- iframe plugin v.5.2 wordpress.org\/plugins\/iframe\/ -->\n<iframe loading=\"lazy\" width=\"640\" height=\"360\" src=\"https:\/\/video.arnes.si\/portal\/api\/asset\/embed\/x2oXqOgcVjaVIkZUJCQHZjmi?hideRelated=1\" frameborder=\"0\" webkitallowfullscreen mozallowfullscreen allowfullscreen scrolling=\"yes\" class=\"iframe-class\" name=\"ARNES\"><\/iframe>\n<\/p>\n<p>[\/et_pb_tab][et_pb_tab title=&#8221;9&#8243; _builder_version=&#8221;4.7.3&#8243; _module_preset=&#8221;default&#8221;]<\/p>\n<p style=\"text-align: center\">\n<!-- iframe plugin v.5.2 wordpress.org\/plugins\/iframe\/ -->\n<iframe loading=\"lazy\" width=\"640\" height=\"360\" src=\"https:\/\/video.arnes.si\/portal\/api\/asset\/embed\/f1ZPgeMslfLWRlSzKbw6KFgS?hideRelated=1\" frameborder=\"0\" webkitallowfullscreen mozallowfullscreen allowfullscreen scrolling=\"yes\" class=\"iframe-class\" name=\"ARNES\"><\/iframe>\n<\/p>\n<p>[\/et_pb_tab][et_pb_tab title=&#8221;10&#8243; _builder_version=&#8221;4.7.3&#8243; _module_preset=&#8221;default&#8221;]<\/p>\n<p><a href=\"http:\/\/vrteckonjice.splet.arnes.si\/files\/2020\/12\/10-1-1-scaled.jpg\"><img loading=\"lazy\" decoding=\"async\" class=\"aligncenter wp-image-10291 size-large\" src=\"http:\/\/vrteckonjice.splet.arnes.si\/files\/2020\/12\/10-1-1-724x1024.jpg\" alt=\"\" width=\"724\" height=\"1024\" \/><\/a><a href=\"http:\/\/vrteckonjice.splet.arnes.si\/files\/2020\/12\/10-1-scaled.jpg\"><img loading=\"lazy\" decoding=\"async\" class=\"aligncenter wp-image-10279 size-large\" src=\"http:\/\/vrteckonjice.splet.arnes.si\/files\/2020\/12\/10-1-724x1024.jpg\" alt=\"\" width=\"724\" height=\"1024\" \/><\/a><\/p>\n<p style=\"text-align: center\">\n<!-- iframe plugin v.5.2 wordpress.org\/plugins\/iframe\/ -->\n<iframe loading=\"lazy\" width=\"640\" height=\"360\" src=\"https:\/\/video.arnes.si\/portal\/api\/asset\/embed\/nMVaoaWVDrmUhXPUo9tj4cZe?hideRelated=1\" frameborder=\"0\" webkitallowfullscreen mozallowfullscreen allowfullscreen scrolling=\"yes\" class=\"iframe-class\" name=\"ARNES\"><\/iframe>\n<\/p>\n<p>[\/et_pb_tab][et_pb_tab title=&#8221;11&#8243; _builder_version=&#8221;4.7.3&#8243; _module_preset=&#8221;default&#8221;]<\/p>\n<p>&nbsp;<\/p>\n<p style=\"text-align: center\">\n<!-- iframe plugin v.5.2 wordpress.org\/plugins\/iframe\/ -->\n<iframe loading=\"lazy\" width=\"640\" height=\"360\" src=\"https:\/\/video.arnes.si\/portal\/api\/asset\/embed\/S2jkNHOSDHSjWTnXUFd8uYyO?hideRelated=1\" frameborder=\"0\" webkitallowfullscreen mozallowfullscreen allowfullscreen scrolling=\"yes\" class=\"iframe-class\" name=\"ARNES\"><\/iframe>\n<\/p>\n<p>[\/et_pb_tab][et_pb_tab title=&#8221;14&#8243; _builder_version=&#8221;4.7.3&#8243; _module_preset=&#8221;default&#8221;]<\/p>\n<p style=\"text-align: center\">\n<!-- iframe plugin v.5.2 wordpress.org\/plugins\/iframe\/ -->\n<iframe loading=\"lazy\" width=\"640\" height=\"360\" src=\"https:\/\/video.arnes.si\/portal\/api\/asset\/embed\/WNZsnQjfG6YTWOShVV7ox4Ep?hideRelated=1\" frameborder=\"0\" webkitallowfullscreen mozallowfullscreen allowfullscreen scrolling=\"yes\" class=\"iframe-class\" name=\"ARNES\"><\/iframe>\n<\/p>\n<p style=\"text-align: center\">[\/et_pb_tab][et_pb_tab title=&#8221;15&#8243; _builder_version=&#8221;4.7.3&#8243; _module_preset=&#8221;default&#8221;]<\/p>\n<p style=\"text-align: center\">\n<!-- iframe plugin v.5.2 wordpress.org\/plugins\/iframe\/ -->\n<iframe loading=\"lazy\" width=\"640\" height=\"360\" src=\"https:\/\/video.arnes.si\/portal\/api\/asset\/embed\/P2RpOUZdOXBQaIEPOHUB0dwH?hideRelated=1\" frameborder=\"0\" webkitallowfullscreen mozallowfullscreen allowfullscreen scrolling=\"yes\" class=\"iframe-class\" name=\"ARNES\"><\/iframe>\n<\/p>\n<p style=\"text-align: center\">[\/et_pb_tab][et_pb_tab title=&#8221;16&#8243; _builder_version=&#8221;4.7.3&#8243; _module_preset=&#8221;default&#8221;]<\/p>\n<p style=\"text-align: center\">\n<!-- iframe plugin v.5.2 wordpress.org\/plugins\/iframe\/ -->\n<iframe loading=\"lazy\" width=\"640\" height=\"360\" src=\"https:\/\/video.arnes.si\/portal\/api\/asset\/embed\/a1S2A8dRJiZgSXFHgMH6LWnq?hideRelated=1\" frameborder=\"0\" webkitallowfullscreen mozallowfullscreen allowfullscreen scrolling=\"yes\" class=\"iframe-class\" name=\"ARNES\"><\/iframe>\n<\/p>\n<p style=\"text-align: center\">[\/et_pb_tab][et_pb_tab title=&#8221;17&#8243; _builder_version=&#8221;4.7.3&#8243; _module_preset=&#8221;default&#8221;]<\/p>\n<p style=\"text-align: center\"><a href=\"http:\/\/vrteckonjice.splet.arnes.si\/files\/2020\/12\/20201215_182102.jpg\"><img loading=\"lazy\" decoding=\"async\" class=\"aligncenter wp-image-10341 size-large\" src=\"http:\/\/vrteckonjice.splet.arnes.si\/files\/2020\/12\/20201215_182102-1024x799.jpg\" alt=\"\" width=\"1024\" height=\"799\" srcset=\"http:\/\/vrteckonjice.splet.arnes.si\/files\/2020\/12\/20201215_182102-980x765.jpg 980w, http:\/\/vrteckonjice.splet.arnes.si\/files\/2020\/12\/20201215_182102-480x375.jpg 480w\" sizes=\"(min-width: 0px) and (max-width: 480px) 480px, (min-width: 481px) and (max-width: 980px) 980px, (min-width: 981px) 1024px, 100vw\" \/><\/a><\/p>\n<p>&nbsp;<\/p>\n<p style=\"text-align: center\">\n<!-- iframe plugin v.5.2 wordpress.org\/plugins\/iframe\/ -->\n<iframe loading=\"lazy\" width=\"640\" height=\"360\" src=\"https:\/\/video.arnes.si\/portal\/api\/asset\/embed\/r1FFTbRZORXcQIdHMhG5y0ZN?hideRelated=1\" frameborder=\"0\" webkitallowfullscreen mozallowfullscreen allowfullscreen scrolling=\"yes\" class=\"iframe-class\" name=\"ARNES\"><\/iframe>\n<\/p>\n<p>[\/et_pb_tab][et_pb_tab title=&#8221;18&#8243; _builder_version=&#8221;4.7.3&#8243; _module_preset=&#8221;default&#8221;]<\/p>\n<p style=\"text-align: center\"><a href=\"http:\/\/vrteckonjice.splet.arnes.si\/files\/2020\/12\/18-2-1-scaled.jpg\"><img loading=\"lazy\" decoding=\"async\" class=\"aligncenter wp-image-10343 size-large\" src=\"http:\/\/vrteckonjice.splet.arnes.si\/files\/2020\/12\/18-2-1-724x1024.jpg\" alt=\"\" width=\"724\" height=\"1024\" \/><\/a> <a href=\"http:\/\/vrteckonjice.splet.arnes.si\/files\/2020\/12\/18-1-1-scaled.jpg\"><img loading=\"lazy\" decoding=\"async\" class=\"aligncenter wp-image-10345 size-large\" src=\"http:\/\/vrteckonjice.splet.arnes.si\/files\/2020\/12\/18-1-1-724x1024.jpg\" alt=\"\" width=\"724\" height=\"1024\" \/><\/a><\/p>\n<p style=\"text-align: center\">[\/et_pb_tab][et_pb_tab title=&#8221;21&#8243; _builder_version=&#8221;4.7.3&#8243; _module_preset=&#8221;default&#8221;]<\/p>\n<p style=\"text-align: center\"><a href=\"http:\/\/vrteckonjice.splet.arnes.si\/files\/2020\/12\/21-1-1-scaled.jpg\"><img loading=\"lazy\" decoding=\"async\" class=\"aligncenter wp-image-10359 size-large\" src=\"http:\/\/vrteckonjice.splet.arnes.si\/files\/2020\/12\/21-1-1-724x1024.jpg\" alt=\"\" width=\"724\" height=\"1024\" \/><\/a><a href=\"http:\/\/vrteckonjice.splet.arnes.si\/files\/2020\/12\/21-2-scaled.jpg\"><img loading=\"lazy\" decoding=\"async\" class=\"aligncenter wp-image-10353 size-large\" src=\"http:\/\/vrteckonjice.splet.arnes.si\/files\/2020\/12\/21-2-724x1024.jpg\" alt=\"\" width=\"724\" height=\"1024\" \/><\/a><\/p>\n<p>&nbsp;<\/p>\n<p style=\"text-align: center\"><a href=\"http:\/\/vrteckonjice.splet.arnes.si\/files\/2020\/12\/21-3-scaled.jpg\"><img loading=\"lazy\" decoding=\"async\" class=\"aligncenter wp-image-10355 size-large\" src=\"http:\/\/vrteckonjice.splet.arnes.si\/files\/2020\/12\/21-3-724x1024.jpg\" alt=\"\" width=\"724\" height=\"1024\" \/><\/a><\/p>\n<p><a href=\"http:\/\/vrteckonjice.splet.arnes.si\/files\/2020\/12\/21-4-scaled.jpg\"><img loading=\"lazy\" decoding=\"async\" class=\"aligncenter wp-image-10357 size-large\" src=\"http:\/\/vrteckonjice.splet.arnes.si\/files\/2020\/12\/21-4-724x1024.jpg\" alt=\"\" width=\"724\" height=\"1024\" \/><\/a><\/p>\n<p>&nbsp;<\/p>\n<p>[\/et_pb_tab][et_pb_tab title=&#8221;22&#8243; _builder_version=&#8221;4.7.3&#8243; _module_preset=&#8221;default&#8221;]<\/p>\n<p style=\"text-align: center\">\n<p style=\"text-align: center\">\n<!-- iframe plugin v.5.2 wordpress.org\/plugins\/iframe\/ -->\n<iframe loading=\"lazy\" width=\"640\" height=\"360\" src=\"https:\/\/video.arnes.si\/portal\/api\/asset\/embed\/Y1Q3VYiRXcDUZoiXGe6fIywa?hideRelated=1\" frameborder=\"0\" webkitallowfullscreen mozallowfullscreen allowfullscreen scrolling=\"yes\" class=\"iframe-class\" name=\"ARNES\"><\/iframe>\n<\/p>\n<p style=\"text-align: center\">\n<p>&nbsp;<\/p>\n<p>&nbsp;<\/p>\n<p>[\/et_pb_tab][et_pb_tab title=&#8221;23&#8243; _builder_version=&#8221;4.7.3&#8243; _module_preset=&#8221;default&#8221;]<\/p>\n<p style=\"text-align: center\">\n<!-- iframe plugin v.5.2 wordpress.org\/plugins\/iframe\/ -->\n<iframe loading=\"lazy\" width=\"640\" height=\"360\" src=\"https:\/\/video.arnes.si\/portal\/api\/asset\/embed\/K2aki9E8HSjVODRJKWLHn6QD?hideRelated=1\" frameborder=\"0\" webkitallowfullscreen mozallowfullscreen allowfullscreen scrolling=\"yes\" class=\"iframe-class\" name=\"ARNES\"><\/iframe>\n<\/p>\n<p style=\"text-align: center\">\n<p>&nbsp;<\/p>\n<p>[\/et_pb_tab][et_pb_tab title=&#8221;24&#8243; _builder_version=&#8221;4.7.3&#8243; _module_preset=&#8221;default&#8221; hover_enabled=&#8221;0&#8243; sticky_enabled=&#8221;0&#8243;]<\/p>\n<p style=\"text-align: center\">\n<!-- iframe plugin v.5.2 wordpress.org\/plugins\/iframe\/ -->\n<iframe loading=\"lazy\" width=\"640\" height=\"360\" src=\"https:\/\/video.arnes.si\/portal\/api\/asset\/embed\/X2XccEEQWCYdVeVIjfxtPuSQ?hideRelated=1\" frameborder=\"0\" webkitallowfullscreen mozallowfullscreen allowfullscreen scrolling=\"yes\" class=\"iframe-class\" name=\"ARNES\"><\/iframe>\n<\/p>\n<p>&nbsp;<\/p>\n<p style=\"text-align: center\">\n<!-- iframe plugin v.5.2 wordpress.org\/plugins\/iframe\/ -->\n<iframe loading=\"lazy\" width=\"640\" height=\"360\" src=\"https:\/\/video.arnes.si\/portal\/api\/asset\/embed\/k1VN4iPOfgVah7Nllmec00N6?hideRelated=1\" frameborder=\"0\" webkitallowfullscreen mozallowfullscreen allowfullscreen scrolling=\"yes\" class=\"iframe-class\" name=\"ARNES\"><\/iframe>\n<\/p>\n<p style=\"text-align: center\">\n[\/et_pb_tab][\/et_pb_tabs][et_pb_divider show_divider=&#8221;off&#8221; _builder_version=&#8221;4.7.3&#8243; _module_preset=&#8221;default&#8221; width=&#8221;100%&#8221; height=&#8221;100px&#8221; max_height=&#8221;1000px&#8221; custom_padding=&#8221;||0px|||&#8221;][\/et_pb_divider][\/et_pb_column][\/et_pb_row][et_pb_row _builder_version=&#8221;4.7.3&#8243; _module_preset=&#8221;default&#8221;][et_pb_column type=&#8221;4_4&#8243; _builder_version=&#8221;4.7.3&#8243; _module_preset=&#8221;default&#8221;][et_pb_divider show_divider=&#8221;off&#8221; _builder_version=&#8221;4.7.3&#8243; _module_preset=&#8221;default&#8221; height=&#8221;20px&#8221;][\/et_pb_divider][\/et_pb_column][\/et_pb_row][et_pb_row _builder_version=&#8221;4.7.3&#8243; _module_preset=&#8221;default&#8221;][et_pb_column type=&#8221;4_4&#8243; _builder_version=&#8221;4.7.3&#8243; _module_preset=&#8221;default&#8221;][et_pb_divider show_divider=&#8221;off&#8221; _builder_version=&#8221;4.7.3&#8243; _module_preset=&#8221;default&#8221; height=&#8221;30px&#8221;][\/et_pb_divider][\/et_pb_column][\/et_pb_row][\/et_pb_section]<\/p>\n","protected":false},"excerpt":{"rendered":"<p>\t<div class=\"ngg-gallery-singlepic-image \" style=\"\">\n\t\t\t\t<a href=\"https:\/\/vrteckonjice.splet.arnes.si\/wp-content\/blogs.dir\/10434\/files\/koledar\/1.jpg\"\n\t\t\ttitle=\"\"\n\t\t\tdata-src=\"https:\/\/vrteckonjice.splet.arnes.si\/wp-content\/blogs.dir\/10434\/files\/koledar\/1.jpg\"\n\t\t\tdata-thumbnail=\"https:\/\/vrteckonjice.splet.arnes.si\/wp-content\/blogs.dir\/10434\/files\/koledar\/thumbs\/thumbs_1.jpg\"\n\t\t\tdata-image-id=\"215\"\n\t\t\tdata-title=\"1\"\n\t\t\tdata-description=\"\"\n\t\t\ttarget='_self'\n\t\t\tclass=\"shutterset_13233ed24db47e70f97411d05b9b97be\">\n\t\t\t<img class=\"ngg-singlepic\"\n\t\t\t\tsrc=\"https:\/\/vrteckonjice.splet.arnes.si\/wp-content\/blogs.dir\/10434\/files\/koledar\/cache\/1.jpg-nggid03215-ngg0dyn-0x0x100-00f0w010c010r110f110r010t010.jpg\"\n\t\t\t\talt=\"1\"\n\t\t\t\ttitle=\"1\"\n\t\t\t\t\t\t\t\t\t\t\t\/>\n\t\t<\/a>\n\t\t\t<\/div>\n\t\t\n<!-- iframe plugin v.5.2 wordpress.org\/plugins\/iframe\/ -->\n<iframe loading=\"lazy\" width=\"640\" height=\"360\" src=\"https:\/\/video.arnes.si\/portal\/api\/asset\/embed\/u1addWWQjXYhWcWDJL5lPNPp?hideRelated=1\" frameborder=\"0\" webkitallowfullscreen mozallowfullscreen allowfullscreen scrolling=\"yes\" class=\"iframe-class\" name=\"ARNES\"><\/iframe>\n &nbsp; \n<!-- iframe plugin v.5.2 wordpress.org\/plugins\/iframe\/ -->\n<iframe loading=\"lazy\" width=\"640\" height=\"360\" src=\"https:\/\/video.arnes.si\/portal\/api\/asset\/embed\/r1lL9CsPOQRpheoaabdKDyHU?hideRelated=1\" frameborder=\"0\" webkitallowfullscreen mozallowfullscreen allowfullscreen scrolling=\"yes\" class=\"iframe-class\" name=\"ARNES\"><\/iframe>\n\n<!-- iframe plugin v.5.2 wordpress.org\/plugins\/iframe\/ -->\n<iframe loading=\"lazy\" width=\"640\" height=\"360\" src=\"https:\/\/video.arnes.si\/portal\/api\/asset\/embed\/I1CUUXzqMq8FtWWa1CGRHu8J?hideRelated=1\" frameborder=\"0\" webkitallowfullscreen mozallowfullscreen allowfullscreen scrolling=\"yes\" class=\"iframe-class\" name=\"ARNES\"><\/iframe>\n\n<!-- iframe plugin v.5.2 wordpress.org\/plugins\/iframe\/ -->\n<iframe loading=\"lazy\" width=\"640\" height=\"360\" src=\"https:\/\/video.arnes.si\/portal\/api\/asset\/embed\/x2oXqOgcVjaVIkZUJCQHZjmi?hideRelated=1\" frameborder=\"0\" webkitallowfullscreen mozallowfullscreen allowfullscreen scrolling=\"yes\" class=\"iframe-class\" name=\"ARNES\"><\/iframe>\n\n<!-- iframe plugin v.5.2 wordpress.org\/plugins\/iframe\/ -->\n<iframe loading=\"lazy\" width=\"640\" height=\"360\" src=\"https:\/\/video.arnes.si\/portal\/api\/asset\/embed\/f1ZPgeMslfLWRlSzKbw6KFgS?hideRelated=1\" frameborder=\"0\" webkitallowfullscreen mozallowfullscreen allowfullscreen scrolling=\"yes\" class=\"iframe-class\" name=\"ARNES\"><\/iframe>\n \n<!-- iframe plugin v.5.2 wordpress.org\/plugins\/iframe\/ -->\n<iframe loading=\"lazy\" width=\"640\" height=\"360\" src=\"https:\/\/video.arnes.si\/portal\/api\/asset\/embed\/nMVaoaWVDrmUhXPUo9tj4cZe?hideRelated=1\" frameborder=\"0\" webkitallowfullscreen mozallowfullscreen allowfullscreen scrolling=\"yes\" class=\"iframe-class\" name=\"ARNES\"><\/iframe>\n&nbsp; \n<!-- iframe plugin v.5.2 wordpress.org\/plugins\/iframe\/ -->\n<iframe loading=\"lazy\" width=\"640\" height=\"360\" src=\"https:\/\/video.arnes.si\/portal\/api\/asset\/embed\/S2jkNHOSDHSjWTnXUFd8uYyO?hideRelated=1\" frameborder=\"0\" webkitallowfullscreen mozallowfullscreen allowfullscreen scrolling=\"yes\" class=\"iframe-class\" name=\"ARNES\"><\/iframe>\n\n<!-- iframe plugin v.5.2 wordpress.org\/plugins\/iframe\/ -->\n<iframe loading=\"lazy\" 0=\"[&hellip;\" src=\"https:\/\/video.arnes.si\/portal\/api\/asset\/embed\/f17GH9u8Y7o3VnbJP7CR6JOu\" width=\"100%\" height=\"500\" scrolling=\"yes\" class=\"iframe-class\" frameborder=\"0\" name=\"ARNES\"><\/iframe>\n<\/p>\n","protected":false},"author":3129,"featured_media":0,"parent":2,"menu_order":0,"comment_status":"closed","ping_status":"closed","template":"","meta":{"_et_pb_use_builder":"on","_et_pb_old_content":"","_et_gb_content_width":"","ngg_post_thumbnail":0,"footnotes":""},"class_list":["post-10047","page","type-page","status-publish","hentry"],"_links":{"self":[{"href":"https:\/\/vrteckonjice.splet.arnes.si\/index.php?rest_route=\/wp\/v2\/pages\/10047","targetHints":{"allow":["GET"]}}],"collection":[{"href":"https:\/\/vrteckonjice.splet.arnes.si\/index.php?rest_route=\/wp\/v2\/pages"}],"about":[{"href":"https:\/\/vrteckonjice.splet.arnes.si\/index.php?rest_route=\/wp\/v2\/types\/page"}],"author":[{"embeddable":true,"href":"https:\/\/vrteckonjice.splet.arnes.si\/index.php?rest_route=\/wp\/v2\/users\/3129"}],"replies":[{"embeddable":true,"href":"https:\/\/vrteckonjice.splet.arnes.si\/index.php?rest_route=%2Fwp%2Fv2%2Fcomments&post=10047"}],"version-history":[{"count":56,"href":"https:\/\/vrteckonjice.splet.arnes.si\/index.php?rest_route=\/wp\/v2\/pages\/10047\/revisions"}],"predecessor-version":[{"id":10381,"href":"https:\/\/vrteckonjice.splet.arnes.si\/index.php?rest_route=\/wp\/v2\/pages\/10047\/revisions\/10381"}],"up":[{"embeddable":true,"href":"https:\/\/vrteckonjice.splet.arnes.si\/index.php?rest_route=\/wp\/v2\/pages\/2"}],"wp:attachment":[{"href":"https:\/\/vrteckonjice.splet.arnes.si\/index.php?rest_route=%2Fwp%2Fv2%2Fmedia&parent=10047"}],"curies":[{"name":"wp","href":"https:\/\/api.w.org\/{rel}","templated":true}]}}