{"id":1472,"date":"2017-01-09T23:34:29","date_gmt":"2017-01-09T21:34:29","guid":{"rendered":"http:\/\/vrteckonjice.splet.arnes.si\/?page_id=1472"},"modified":"2019-06-20T22:50:21","modified_gmt":"2019-06-20T21:50:21","slug":"gradimo-prevrat","status":"publish","type":"page","link":"https:\/\/vrteckonjice.splet.arnes.si\/?page_id=1472","title":{"rendered":"ODPRTO U\u010cNO OKOLJE ZA VSE GENERACIJE"},"content":{"rendered":"<p>[et_pb_section bb_built=&#8221;1&#8243; admin_label=&#8221;section&#8221; background_image=&#8221;http:\/\/vrteckonjice.splet.arnes.si\/files\/2017\/01\/DSC_0139.jpg&#8221; transparent_background=&#8221;off&#8221; allow_player_pause=&#8221;off&#8221; inner_shadow=&#8221;off&#8221; parallax=&#8221;off&#8221; parallax_method=&#8221;on&#8221; make_fullwidth=&#8221;off&#8221; use_custom_width=&#8221;off&#8221; width_unit=&#8221;on&#8221; make_equal=&#8221;off&#8221; use_custom_gutter=&#8221;off&#8221;][et_pb_row admin_label=&#8221;Row&#8221;][et_pb_column type=&#8221;4_4&#8243;][et_pb_text admin_label=&#8221;Text&#8221; background_layout=&#8221;dark&#8221; text_orientation=&#8221;justified&#8221; use_border_color=&#8221;off&#8221; border_color=&#8221;#ffffff&#8221; border_style=&#8221;solid&#8221; background_color=&#8221;rgba(0,0,0,0.31)&#8221;]<\/p>\n<h2 style=\"text-align: center\"><strong>PARTNERSTVO LAS DRAVINJSKE DOLINE 2018 &#8211; 2020\u00a0<\/strong><\/h2>\n<h2 style=\"text-align: center\"><strong> ODPRTO U\u010cNO OKOLJE ZA VSE GENERACIJE<\/strong><\/h2>\n<p>[\/et_pb_text][\/et_pb_column][\/et_pb_row][et_pb_row admin_label=&#8221;Row&#8221;][et_pb_column type=&#8221;1_2&#8243;][et_pb_text admin_label=&#8221;Text&#8221; background_layout=&#8221;light&#8221; text_orientation=&#8221;left&#8221; use_border_color=&#8221;off&#8221; border_color=&#8221;#ffffff&#8221; border_style=&#8221;solid&#8221;]<\/p>\n<p style=\"text-align: center\"><a href=\"http:\/\/www.program-podezelja.si\/\"><img loading=\"lazy\" decoding=\"async\" class=\"aligncenter wp-image-5973 size-full\" src=\"http:\/\/vrteckonjice.splet.arnes.si\/files\/2017\/01\/T.jpg\" alt=\"\" width=\"513\" height=\"127\" srcset=\"https:\/\/vrteckonjice.splet.arnes.si\/files\/2017\/01\/T.jpg 513w, https:\/\/vrteckonjice.splet.arnes.si\/files\/2017\/01\/T-300x74.jpg 300w, https:\/\/vrteckonjice.splet.arnes.si\/files\/2017\/01\/T-510x127.jpg 510w\" sizes=\"(max-width: 513px) 100vw, 513px\" \/><\/a><\/p>\n<p>[\/et_pb_text][\/et_pb_column][et_pb_column type=&#8221;1_2&#8243;][et_pb_text admin_label=&#8221;Text&#8221; background_layout=&#8221;light&#8221; text_orientation=&#8221;left&#8221; use_border_color=&#8221;off&#8221; border_color=&#8221;#ffffff&#8221; border_style=&#8221;solid&#8221;]<\/p>\n<p style=\"text-align: center\"><a href=\"http:\/\/ec.europa.eu\/agriculture\/rural-development-2014-2020\/index_sl.htm\"><img loading=\"lazy\" decoding=\"async\" class=\"aligncenter wp-image-6917\" src=\"http:\/\/vrteckonjice.splet.arnes.si\/files\/2017\/01\/prenos8.jpg\" alt=\"\" width=\"458\" height=\"127\" \/><\/a><\/p>\n<p>[\/et_pb_text][\/et_pb_column][\/et_pb_row][et_pb_row admin_label=&#8221;row&#8221;][et_pb_column type=&#8221;4_4&#8243;][et_pb_text admin_label=&#8221;Text&#8221; background_layout=&#8221;dark&#8221; text_orientation=&#8221;justified&#8221; use_border_color=&#8221;off&#8221; border_color=&#8221;#ffffff&#8221; border_style=&#8221;solid&#8221; background_color=&#8221;rgba(0,0,0,0.31)&#8221;]<\/p>\n<p>Projekt<\/p>\n<p>ODPRTO U\u010cNO OKOLJE ZA VSE GENERACIJE<\/p>\n<p>Prijavitelj: VRTEC SLOV. KONJICE<\/p>\n<p>Partnerji: FIJAV\u017d URO\u0160 TRANSPORT D.O.O., KRAJEVNA SKUPNOST STRANICE, SPLO\u0160NA KNJI\u017dNJICA SLOVENSKE KONJICE, KRAJEVNA SKUPNOST \u0160PITALI\u010c, DRU\u0160TVO KARTUZJANSKA KONJENICA \u0160PITALI\u010c.<\/p>\n<p><strong>Glavne aktivnosti in cilji:<\/strong><\/p>\n<ol>\n<li>Geomanti\u010dna analiza in Platforma odprtega u\u010dnega okolja ter zelenega turizma<\/li>\n<li>Vzpostavitev 3 odprtih u\u010dnih okolij<\/li>\n<li>Izobra\u017eevanja za vzgojitelje in u\u010ditelje, turisti\u010dne vodnike in krajane (3 sklopi)<\/li>\n<li>Mednarodna konferenca in predstavitve<\/li>\n<\/ol>\n<p>&nbsp;<\/p>\n<p>Operacija vzpostavlja <strong>odprto u\u010dno okolje za vse generacije, za doma\u010dine in obiskovalce<\/strong>, ki nudi oblike povezovanja in globljih do\u017eivetij narave in okolja ter vna\u0161a vsebine dedi\u0161\u010dine bli\u017enjega okolja v vrtce in \u0161ole. V okviru operacije s programi gozdne pedagogike in pedagogike kulturne dedi\u0161\u010dine razvija socialno funkcijo gozda.<\/p>\n<p>S celostno\u00a0 obravnavo naravne in kulturne dedi\u0161\u010dine obmo\u010dja uvaja v vrtce in \u0161ole <strong>pou\u010devanje obveznih u\u010dnih vsebin skozi naravno in kulturno dedi\u0161\u010dino<\/strong>. Z vklju\u010devanjem star\u0161ev in drugih krajanov povezuje vse generacije v procesih medgeneracijskega u\u010denja in aktivne skupnosti ter navaja na zdrav \u017eivljenjski slog in ozave\u0161\u010denost o pomenu dedi\u0161\u010dine. Z usposobljenimi turisti\u010dnimi vodniki in s pripravljenimi programi spro\u0161\u010danja in revitalizacije v naravi ter poglobljenega do\u017eivljanja kulturne dedi\u0161\u010dine nudi doma\u010dinom in obiskovalcem avtenti\u010dna prese\u017ena do\u017eivetja.<\/p>\n<p>Namen projekta je spodbuditi razvoj na obmo\u010djih KS \u0160pitali\u010d in KS Stranice z opolnomo\u010denjem skupnosti za trajnostni razvoj, prepoznavanje prilo\u017enosti za razvoj dejavnosti in podjetni\u0161tva ter o\u017eivitev odmaknjenih krajev.<\/p>\n<p>&nbsp;<\/p>\n<p><strong>Geomanti\u010dna analiza in Platforma odprtega u\u010dnega okolja ter zelenega turizma<\/strong><\/p>\n<p><strong><em>V projektu bodo na podlagi geomantijske analize vitalno-energijskih virov in dedi\u0161\u010dine obmo\u010dja urejene u\u010dilnice na prostem in oblikovani pedago\u0161ki programi ter programi revitalizacije za doma\u010dine in obiskovalce. <\/em><\/strong>Geomantija je celostna obravnava narave in okolja ter je v severni Evropi uveljavljen pristop urbanisti\u010dnega in razvojnega na\u010drtovanja (primeri: Vulkanland na avstrijskem \u0160tajerskem, Nem\u010dija\u2026). <strong>Platforma kot strokovna podlaga prostorske geomantijske obravnave za programe odprtih u\u010dnih okolij in turizma<\/strong> ovrednoti naravne kapacitete obmo\u010dja, vsebuje podlago za prostorska na\u010drtovanja ob\u010dine, za vitalno-energijski turisti\u010dni zemljevid ter projektne smernice in izhodi\u0161\u010da za trajnostno na\u010drtovanje infrastrukture za bolj\u0161e stanje okolja. Zagotavlja visok standard zdravja prostora za izvajanje dejavnosti OUO s ciljem ohranjanja narave in razvoja mehkih vsebin, ki prispevajo k izbolj\u0161anju kakovosti \u017eivljenja.<\/p>\n<p><strong><em>\u00a0<\/em><\/strong><\/p>\n<p><strong>Vzpostavitev 3 odprtih u\u010dnih okolij<\/strong><\/p>\n<p>Ohranjeno <strong><em>naravno okolje<\/em><\/strong><em> je na\u0161e <\/em>najve\u010dje bogastvo.<\/p>\n<p>Pristnost naravnega okolja in tr\u0161ko ter va\u0161ko zgodovinsko identiteto nadgrajujemo s celovitimi produkti, ki prina\u0161ajo zdrav na\u010din \u017eivljenja in skrb za naravo. Odprta u\u010dna okolja, ki odra\u017eajo globlje kvalitete kraja in identiteto posami\u010dne lokacije nudijo naraven prostor za izvajanje vzgojnih in u\u010dnih vsebin ter za kvalitetno pre\u017eivljanje prostega \u010dasa. Urejena odprta u\u010dna okolja in izoblikovani programi v <strong>Slovenskih Konjicah nad dvorcem Trebnik<\/strong>, v <strong>\u0160pitali\u010du nad staro \u017eago<\/strong>, v <strong>Stranicah ob izviru Zverovje in v gozdu nad ribniki<\/strong> uporabljajo razli\u010dne ciljne skupine: v dopoldanskem \u010dasu vrtci in \u0161ole, otroci s star\u0161i v prostem \u010dasu, prav tako ostali krajani in v turisti\u010dnih programih obiskovalci.<\/p>\n<p>&nbsp;<\/p>\n<p><strong>Izobra\u017eevanja za vzgojitelje in u\u010ditelje, turisti\u010dne vodnike in krajane (3 sklopi) <\/strong>Ob vklju\u010denosti vzgojiteljev,<\/p>\n<p>u\u010diteljev in drugih krajanov ter njihovem osve\u0161\u010danju in izobra\u017eevanju tvorimo mre\u017eo aktivne dru\u017ebe za trajnosti razvoj in ohranjanje narave. Sodelovanje krajanov spodbuja medgeneracijsko dru\u017eenje, permanentno u\u010denje in povezanost skupnosti<\/p>\n<ul>\n<li>Gozdna pedagogika in metode pou\u010devanja skozi dedi\u0161\u010dino <strong>za vzgojitelje in u\u010ditelje<\/strong> \u2013 2 predstavitvi, te\u010daj<\/li>\n<\/ul>\n<p>senzibilizacije <strong>\u201cGozd in inteligenca narave\u201d<\/strong> (5 sre\u010danj). Novonastali programi so zbrani in objavljeni v Priro\u010dniku odprtega u\u010dnega okolja.<\/p>\n<ul>\n<li>Delavnice<strong> za doma\u010dine<\/strong> vseh treh krajev o celostnem odnosu do okolja, potencialih dedi\u0161\u010dine in mo\u017enostih za razvoj dejavnosti. Krajani se seznanijo z programi in tehnikami spro\u0161\u010danja in revitalizacije v naravi &#8211; 5 delavnic.<\/li>\n<li>Izobra\u017eevanje <strong>za oblikovanje turisti\u010dnih programov pet-zvezdi\u010dnih do\u017eivetij zelenega turizma<\/strong>, pristnih ob\u010dutij narave, kulturno-zgodovinske izku\u0161nje skozi interpretacijo tradicije in izro\u010dila pokrajine za obiskovalce \u2013 5 sre\u010danj.<\/li>\n<\/ul>\n<p><strong><u>\u00a0<\/u><\/strong><\/p>\n<p><strong>Vklju\u010denost krajanov<\/strong><\/p>\n<ul>\n<li>Medgeneracijsko u\u010denje: prenos znanj, posredovanje vedenj, ve\u0161\u010din in izku\u0161enj. Vklju\u010devanje starej\u0161ih in drugih krajanov v razli\u010dne dejavnosti (popoldan v odprtem u\u010dnem okolju\u2026)<\/li>\n<li>Sodelovanje na delavnicah spoznavanja pristopov revitalizacije in spro\u0161\u010danja v naravi za vsakodnevno uporabo.<\/li>\n<li>Sodelovanje pri pripravi nove turisti\u010dne ponudbe kot izvajalci programov ali ponudniki pridelkov, izdelkov\u2026<\/li>\n<\/ul>\n<p><strong>\u00a0<\/strong><\/p>\n<p><strong>Mednarodna konferenca in predstavitve <\/strong><\/p>\n<p>Mednarodna konferenca OUO s predstavitvijo Priro\u010dnika OUO (v \u0160pitali\u010du) in lokalne predstavitve za obmo\u010dje LAS Od Pohorja do Bohorja za vrtce in \u0161ole, ob\u010dine, Turisti\u010dno destinacijo Rogla-Pohorje, Terme Zre\u010de, TIC-e in druge turisti\u010dne ponudnike.<\/p>\n<p>&nbsp;<\/p>\n<p><strong>Vabimo vas, da se aktivno vklju\u010dite v projekt in prispevate znanja o dedi\u0161\u010dini in izro\u010dilu ter s svojo\u00a0 ustvarjalnostjo na izobra\u017eevanju in pri oblikovanju turisti\u010dne ponudbe pripomorete k razvoju dejavnosti ter prepoznavnosti kraja.<\/strong><\/p>\n<p>&nbsp;<\/p>\n<p><strong>Informacije: Toma\u017e Popovi\u010d &#8211; 030 313 454, Karin Lavin &#8211; 041 823 927.<\/strong><\/p>\n<p><strong>\u00a0<\/strong><\/p>\n<p>Od otrok in vzgojiteljev \u2026<\/p>\n<p>&nbsp;<\/p>\n<a href='https:\/\/www.facebook.com\/Odprto-u%C4%8Dno-okolje-za-vse-generacije-765786927148105\/' class='small-button smallblue' target=\"_blank\">FACEBOOK &gt;<\/a>\n<p>[\/et_pb_text][\/et_pb_column][\/et_pb_row][et_pb_row admin_label=&#8221;Row&#8221;][et_pb_column type=&#8221;4_4&#8243;][et_pb_divider admin_label=&#8221;Divider&#8221; color=&#8221;#ffffff&#8221; show_divider=&#8221;off&#8221; height=&#8221;80&#8243; divider_style=&#8221;groove&#8221; divider_position=&#8221;top&#8221; hide_on_mobile=&#8221;on&#8221; \/][\/et_pb_column][\/et_pb_row][et_pb_row admin_label=&#8221;Row&#8221; make_fullwidth=&#8221;off&#8221; use_custom_width=&#8221;off&#8221; width_unit=&#8221;on&#8221; use_custom_gutter=&#8221;off&#8221; background_color=&#8221;rgba(0,0,0,0.34)&#8221; allow_player_pause=&#8221;off&#8221; parallax=&#8221;off&#8221; parallax_method=&#8221;on&#8221; make_equal=&#8221;off&#8221; parallax_1=&#8221;off&#8221; parallax_method_1=&#8221;off&#8221;][et_pb_column type=&#8221;4_4&#8243;][et_pb_blog admin_label=&#8221;Blog&#8221; fullwidth=&#8221;on&#8221; include_categories=&#8221;1&#8243; show_thumbnail=&#8221;on&#8221; show_content=&#8221;off&#8221; show_more=&#8221;on&#8221; show_author=&#8221;on&#8221; show_date=&#8221;on&#8221; show_categories=&#8221;off&#8221; show_comments=&#8221;off&#8221; show_pagination=&#8221;off&#8221; offset_number=&#8221;0&#8243; use_overlay=&#8221;off&#8221; background_layout=&#8221;dark&#8221; use_dropshadow=&#8221;off&#8221; use_border_color=&#8221;off&#8221; border_color=&#8221;#ffffff&#8221; border_style=&#8221;solid&#8221; \/][\/et_pb_column][\/et_pb_row][et_pb_row admin_label=&#8221;Row&#8221;][et_pb_column type=&#8221;4_4&#8243;][et_pb_divider admin_label=&#8221;Divider&#8221; color=&#8221;#ffffff&#8221; show_divider=&#8221;off&#8221; height=&#8221;80&#8243; divider_style=&#8221;groove&#8221; divider_position=&#8221;top&#8221; hide_on_mobile=&#8221;on&#8221; \/][\/et_pb_column][\/et_pb_row][\/et_pb_section]<\/p>\n","protected":false},"excerpt":{"rendered":"<p>PARTNERSTVO LAS DRAVINJSKE DOLINE 2018 &#8211; 2020\u00a0 ODPRTO U\u010cNO OKOLJE ZA VSE GENERACIJE Projekt ODPRTO U\u010cNO OKOLJE ZA VSE GENERACIJE Prijavitelj: VRTEC SLOV. KONJICE Partnerji: FIJAV\u017d URO\u0160 TRANSPORT D.O.O., KRAJEVNA SKUPNOST STRANICE, SPLO\u0160NA KNJI\u017dNJICA SLOVENSKE KONJICE, KRAJEVNA SKUPNOST \u0160PITALI\u010c, DRU\u0160TVO KARTUZJANSKA KONJENICA \u0160PITALI\u010c. Glavne aktivnosti in cilji: Geomanti\u010dna analiza in Platforma odprtega u\u010dnega okolja ter [&hellip;]<\/p>\n","protected":false},"author":3129,"featured_media":0,"parent":2,"menu_order":0,"comment_status":"closed","ping_status":"open","template":"","meta":{"_et_pb_use_builder":"on","_et_pb_old_content":"","_et_gb_content_width":"","ngg_post_thumbnail":0,"footnotes":""},"class_list":["post-1472","page","type-page","status-publish","hentry"],"_links":{"self":[{"href":"https:\/\/vrteckonjice.splet.arnes.si\/index.php?rest_route=\/wp\/v2\/pages\/1472","targetHints":{"allow":["GET"]}}],"collection":[{"href":"https:\/\/vrteckonjice.splet.arnes.si\/index.php?rest_route=\/wp\/v2\/pages"}],"about":[{"href":"https:\/\/vrteckonjice.splet.arnes.si\/index.php?rest_route=\/wp\/v2\/types\/page"}],"author":[{"embeddable":true,"href":"https:\/\/vrteckonjice.splet.arnes.si\/index.php?rest_route=\/wp\/v2\/users\/3129"}],"replies":[{"embeddable":true,"href":"https:\/\/vrteckonjice.splet.arnes.si\/index.php?rest_route=%2Fwp%2Fv2%2Fcomments&post=1472"}],"version-history":[{"count":29,"href":"https:\/\/vrteckonjice.splet.arnes.si\/index.php?rest_route=\/wp\/v2\/pages\/1472\/revisions"}],"predecessor-version":[{"id":6161,"href":"https:\/\/vrteckonjice.splet.arnes.si\/index.php?rest_route=\/wp\/v2\/pages\/1472\/revisions\/6161"}],"up":[{"embeddable":true,"href":"https:\/\/vrteckonjice.splet.arnes.si\/index.php?rest_route=\/wp\/v2\/pages\/2"}],"wp:attachment":[{"href":"https:\/\/vrteckonjice.splet.arnes.si\/index.php?rest_route=%2Fwp%2Fv2%2Fmedia&parent=1472"}],"curies":[{"name":"wp","href":"https:\/\/api.w.org\/{rel}","templated":true}]}}