{"id":849,"date":"2016-09-10T00:30:53","date_gmt":"2016-09-09T22:30:53","guid":{"rendered":"http:\/\/vrteckonjice.splet.arnes.si\/?page_id=849"},"modified":"2020-02-03T22:20:26","modified_gmt":"2020-02-03T21:20:26","slug":"dispanzer-za-mentalno-zdravje-v-zdravstvenem-domu-slovenske-konjice","status":"publish","type":"page","link":"https:\/\/vrteckonjice.splet.arnes.si\/?page_id=849","title":{"rendered":"dispanzer za mentalno zdravje v zdravstvenem domu Slovenske Konjice"},"content":{"rendered":"<p>[et_pb_section fb_built=&#8221;1&#8243; background_image=&#8221;http:\/\/vrteckonjice.splet.arnes.si\/files\/2016\/08\/Blown_dandelions_-_blue_sky_Ugress_p\u00e5_langtur.jpg&#8221; transparent_background=&#8221;on&#8221; parallax=&#8221;on&#8221; parallax_method=&#8221;off&#8221; padding_mobile=&#8221;off&#8221; admin_label=&#8221;section&#8221;][et_pb_row admin_label=&#8221;row&#8221; background_color=&#8221;rgba(255,255,255,0.26)&#8221; custom_padding=&#8221;50px|20px|200px|20px&#8221;][et_pb_column type=&#8221;4_4&#8243; parallax=&#8221;off&#8221; parallax_method=&#8221;on&#8221;][et_pb_text background_layout=&#8221;dark&#8221; admin_label=&#8221;Text&#8221;]<\/p>\n<h3><strong>SPO\u0160TOVANI!<\/strong><\/h3>\n<p>V Zdravstvenem domu Slovenske Konjice deluje Dispanzer za mentalno zdravje, v okviru katerega lahko va\u0161ega otroka naro\u010dite na psiholo\u0161ki in logopedski pregled.<\/p>\n<p>PSIHOLOGINJA \u2013 Darja Marinkovi\u010d, univ. dipl. psih.<br \/>\nOrdinacijski \u010das:<br \/>\n\u2022 ponedeljek: 14.30 \u2013 17.30<br \/>\n\u2022 sreda: 14.30 \u2013 17.30<br \/>\nNaro\u010danje v tria\u017ei osebno ali po telefonu <strong>03 758 17 02 vsak delovni dan od 7.00 do 13.00 ure.<\/strong><\/p>\n<p>LOGOPED \u2013 mag. Aleksander Vali\u0161er<br \/>\nOrdinacijski \u010das:<br \/>\n\u2022 sobota: 8.00 \u2013 14.00<br \/>\nNaro\u010danje v tria\u017ei osebno ali po telefonu <strong>03 758 17 02 vsak delovni dan od 7.00 do 13.00 ure.<\/strong><\/p>\n<p>Za dodatne informacije se lahko obrnete na svetovalno delavko vrtca, Simono \u017divec (030 313 374, simona.zivec@guest.arnes.si).<\/p>\n<p>[\/et_pb_text][\/et_pb_column][\/et_pb_row][\/et_pb_section]<\/p>\n","protected":false},"excerpt":{"rendered":"<p>SPO\u0160TOVANI! V Zdravstvenem domu Slovenske Konjice deluje Dispanzer za mentalno zdravje, v okviru katerega lahko va\u0161ega otroka naro\u010dite na psiholo\u0161ki in logopedski pregled. PSIHOLOGINJA \u2013 Darja Marinkovi\u010d, univ. dipl. psih. Ordinacijski \u010das: \u2022 ponedeljek: 14.30 \u2013 17.30 \u2022 sreda: 14.30 \u2013 17.30 Naro\u010danje v tria\u017ei osebno ali po telefonu 03 758 17 02 vsak delovni [&hellip;]<\/p>\n","protected":false},"author":3129,"featured_media":0,"parent":843,"menu_order":0,"comment_status":"closed","ping_status":"open","template":"","meta":{"_et_pb_use_builder":"on","_et_pb_old_content":"<p><strong>Spo\u0161tovani!<\/strong><br \/>V Zdravstvenem domu Slovenske Konjice deluje Dispanzer za mentalno zdravje, v okviru katerega lahko va\u0161ega otroka naro\u010dite na psiholo\u0161ki in logopedski pregled.<\/p><p>PSIHOLOGINJA \u2013 Darja Marinkovi\u010d, univ. dipl. psih.<br \/>Ordinacijski \u010das:<br \/>\u2022 ponedeljek: 14.30 \u2013 17.30<br \/>\u2022 sreda: 14.30 \u2013 17.30<br \/>Naro\u010danje v tria\u017ei osebno ali po telefonu <strong>03 758 17 02 vsak delovni dan od 7.00 do 13.00 ure.<\/strong><\/p><p>LOGOPED \u2013 mag. Aleksander Vali\u0161er<br \/>Ordinacijski \u010das:<br \/>\u2022 sobota: 8.00 \u2013 14.00<br \/>Naro\u010danje v tria\u017ei osebno ali po telefonu <strong>03 758 17 02 vsak delovni dan od 7.00 do 13.00 ure.<\/strong><\/p><p>Za dodatne informacije se lahko obrnete na svetovalno delavko vrtca, Simono \u017divec (030 313 374, simona.zivec@guest.arnes.si).<\/p>","_et_gb_content_width":"","ngg_post_thumbnail":0,"footnotes":""},"class_list":["post-849","page","type-page","status-publish","hentry"],"_links":{"self":[{"href":"https:\/\/vrteckonjice.splet.arnes.si\/index.php?rest_route=\/wp\/v2\/pages\/849","targetHints":{"allow":["GET"]}}],"collection":[{"href":"https:\/\/vrteckonjice.splet.arnes.si\/index.php?rest_route=\/wp\/v2\/pages"}],"about":[{"href":"https:\/\/vrteckonjice.splet.arnes.si\/index.php?rest_route=\/wp\/v2\/types\/page"}],"author":[{"embeddable":true,"href":"https:\/\/vrteckonjice.splet.arnes.si\/index.php?rest_route=\/wp\/v2\/users\/3129"}],"replies":[{"embeddable":true,"href":"https:\/\/vrteckonjice.splet.arnes.si\/index.php?rest_route=%2Fwp%2Fv2%2Fcomments&post=849"}],"version-history":[{"count":3,"href":"https:\/\/vrteckonjice.splet.arnes.si\/index.php?rest_route=\/wp\/v2\/pages\/849\/revisions"}],"predecessor-version":[{"id":8501,"href":"https:\/\/vrteckonjice.splet.arnes.si\/index.php?rest_route=\/wp\/v2\/pages\/849\/revisions\/8501"}],"up":[{"embeddable":true,"href":"https:\/\/vrteckonjice.splet.arnes.si\/index.php?rest_route=\/wp\/v2\/pages\/843"}],"wp:attachment":[{"href":"https:\/\/vrteckonjice.splet.arnes.si\/index.php?rest_route=%2Fwp%2Fv2%2Fmedia&parent=849"}],"curies":[{"name":"wp","href":"https:\/\/api.w.org\/{rel}","templated":true}]}}