{"id":855,"date":"2016-09-10T00:48:51","date_gmt":"2016-09-09T22:48:51","guid":{"rendered":"http:\/\/vrteckonjice.splet.arnes.si\/?page_id=855"},"modified":"2020-02-03T22:26:53","modified_gmt":"2020-02-03T21:26:53","slug":"priporocamo-v-branje","status":"publish","type":"page","link":"https:\/\/vrteckonjice.splet.arnes.si\/?page_id=855","title":{"rendered":"priporo\u010damo v branje"},"content":{"rendered":"<p>[et_pb_section fb_built=&#8221;1&#8243; background_image=&#8221;http:\/\/vrteckonjice.splet.arnes.si\/files\/2016\/08\/Blown_dandelions_-_blue_sky_Ugress_p\u00e5_langtur.jpg&#8221; transparent_background=&#8221;on&#8221; parallax=&#8221;on&#8221; parallax_method=&#8221;off&#8221; padding_mobile=&#8221;off&#8221; admin_label=&#8221;section&#8221;][et_pb_row admin_label=&#8221;row&#8221; background_color=&#8221;rgba(255,255,255,0.26)&#8221; custom_padding=&#8221;20px|20px||20px&#8221;][et_pb_column type=&#8221;1_2&#8243; parallax=&#8221;off&#8221; parallax_method=&#8221;on&#8221;][et_pb_blurb image=&#8221;http:\/\/vrteckonjice.splet.arnes.si\/files\/2016\/09\/libalacalak_245x4001.jpg&#8221; animation=&#8221;left&#8221; admin_label=&#8221;Blurb&#8221; header_font_size=&#8221;24&#8243; use_border_color=&#8221;on&#8221; border_style=&#8221;groove&#8221; custom_padding=&#8221;36px|||&#8221;][\/et_pb_blurb][\/et_pb_column][et_pb_column type=&#8221;1_2&#8243; parallax=&#8221;off&#8221; parallax_method=&#8221;on&#8221;][et_pb_text background_layout=&#8221;dark&#8221; admin_label=&#8221;Text&#8221;]<\/p>\n<p>Veliko star\u0161ev je zaskrbljenih, ker njihov otrok \u0161e ne izgovarja pravilno si\u010dnikov, \u0161umnikov oziroma glasov L in R. Knjiga vam ponuja primere za razgibavanje jezika \u2013 razli\u010dne vaje, ki so dobra predpriprava za pravilno izgovorjavo glasov in nasvete, kako pri otroku razvijati govor.<\/p>\n<p>&nbsp;<\/p>\n<p>[\/et_pb_text][\/et_pb_column][\/et_pb_row][et_pb_row admin_label=&#8221;row&#8221; background_color=&#8221;rgba(255,255,255,0.26)&#8221; custom_padding=&#8221;20px|20px||20px&#8221;][et_pb_column type=&#8221;1_2&#8243; parallax=&#8221;off&#8221; parallax_method=&#8221;on&#8221;][et_pb_text background_layout=&#8221;dark&#8221; admin_label=&#8221;Text&#8221;]<\/p>\n<p>V tej knjigi nam avtorja predstavita najsodobnej\u0161a odkritja o razvoju otro\u0161kih mo\u017eganov. Oblikovala sta\u00a0<strong>12 prakti\u010dnih metod<\/strong>, ki jih lahko uporabimo pri vsakodnevnih star\u0161evskih izzivih. Metode nam pomagajo v te\u017ekih trenutkih, ki jih do\u017eivljamo s svojimi otroki, in nas u\u010dijo, kako iz teh trenutkov lahko rastemo mi in na\u0161i otroci, ter kako lahko vzgojimo mirnej\u0161e in sre\u010dnej\u0161e otroke.<\/p>\n<p>[\/et_pb_text][\/et_pb_column][et_pb_column type=&#8221;1_2&#8243; parallax=&#8221;off&#8221; parallax_method=&#8221;on&#8221;][et_pb_blurb image=&#8221;http:\/\/vrteckonjice.splet.arnes.si\/files\/2016\/09\/15990_16212-1.jpg&#8221; animation=&#8221;right&#8221; admin_label=&#8221;Blurb&#8221; header_font_size=&#8221;24&#8243; use_border_color=&#8221;on&#8221; border_style=&#8221;groove&#8221; custom_padding=&#8221;36px|||&#8221;][\/et_pb_blurb][\/et_pb_column][\/et_pb_row][et_pb_row admin_label=&#8221;row&#8221; background_color=&#8221;rgba(255,255,255,0.26)&#8221; custom_padding=&#8221;20px|20px||20px&#8221;][et_pb_column type=&#8221;1_2&#8243; parallax=&#8221;off&#8221; parallax_method=&#8221;on&#8221;][et_pb_blurb image=&#8221;http:\/\/vrteckonjice.splet.arnes.si\/files\/2016\/09\/9915_10054-1.jpg&#8221; animation=&#8221;left&#8221; admin_label=&#8221;Blurb&#8221; header_font_size=&#8221;24&#8243; use_border_color=&#8221;on&#8221; border_style=&#8221;groove&#8221; custom_padding=&#8221;36px|||&#8221;][\/et_pb_blurb][\/et_pb_column][et_pb_column type=&#8221;1_2&#8243; parallax=&#8221;off&#8221; parallax_method=&#8221;on&#8221;][et_pb_text background_layout=&#8221;dark&#8221; admin_label=&#8221;Text&#8221;]<\/p>\n<p>Pisno potrdilo, da je to znak ljubezni in hkrati za\u0161\u010ditni znak dobrih star\u0161ev. Lahko je imeti otroka rad in mu popu\u0161\u010dati, da dela kar ho\u010de. Te\u017eko je imeti otroka toliko rad, da od njega zahteva\u0161 da sodeluje, se u\u010di razli\u010dnih spretnosti, pa vztrajnosti in lepega vedenja.<\/p>\n<p>&nbsp;<\/p>\n<p>[\/et_pb_text][\/et_pb_column][\/et_pb_row][\/et_pb_section]<\/p>\n","protected":false},"excerpt":{"rendered":"<p>Veliko star\u0161ev je zaskrbljenih, ker njihov otrok \u0161e ne izgovarja pravilno si\u010dnikov, \u0161umnikov oziroma glasov L in R. Knjiga vam ponuja primere za razgibavanje jezika \u2013 razli\u010dne vaje, ki so dobra predpriprava za pravilno izgovorjavo glasov in nasvete, kako pri otroku razvijati govor. &nbsp; V tej knjigi nam avtorja predstavita najsodobnej\u0161a odkritja o razvoju otro\u0161kih [&hellip;]<\/p>\n","protected":false},"author":3129,"featured_media":0,"parent":843,"menu_order":0,"comment_status":"closed","ping_status":"open","template":"","meta":{"_et_pb_use_builder":"on","_et_pb_old_content":"","_et_gb_content_width":"","ngg_post_thumbnail":0,"footnotes":""},"class_list":["post-855","page","type-page","status-publish","hentry"],"_links":{"self":[{"href":"https:\/\/vrteckonjice.splet.arnes.si\/index.php?rest_route=\/wp\/v2\/pages\/855","targetHints":{"allow":["GET"]}}],"collection":[{"href":"https:\/\/vrteckonjice.splet.arnes.si\/index.php?rest_route=\/wp\/v2\/pages"}],"about":[{"href":"https:\/\/vrteckonjice.splet.arnes.si\/index.php?rest_route=\/wp\/v2\/types\/page"}],"author":[{"embeddable":true,"href":"https:\/\/vrteckonjice.splet.arnes.si\/index.php?rest_route=\/wp\/v2\/users\/3129"}],"replies":[{"embeddable":true,"href":"https:\/\/vrteckonjice.splet.arnes.si\/index.php?rest_route=%2Fwp%2Fv2%2Fcomments&post=855"}],"version-history":[{"count":12,"href":"https:\/\/vrteckonjice.splet.arnes.si\/index.php?rest_route=\/wp\/v2\/pages\/855\/revisions"}],"predecessor-version":[{"id":8513,"href":"https:\/\/vrteckonjice.splet.arnes.si\/index.php?rest_route=\/wp\/v2\/pages\/855\/revisions\/8513"}],"up":[{"embeddable":true,"href":"https:\/\/vrteckonjice.splet.arnes.si\/index.php?rest_route=\/wp\/v2\/pages\/843"}],"wp:attachment":[{"href":"https:\/\/vrteckonjice.splet.arnes.si\/index.php?rest_route=%2Fwp%2Fv2%2Fmedia&parent=855"}],"curies":[{"name":"wp","href":"https:\/\/api.w.org\/{rel}","templated":true}]}}