{"id":8827,"date":"2020-04-07T16:45:21","date_gmt":"2020-04-07T15:45:21","guid":{"rendered":"http:\/\/vrteckonjice.splet.arnes.si\/?page_id=8827"},"modified":"2020-04-24T12:36:30","modified_gmt":"2020-04-24T11:36:30","slug":"koticek-za-zdravje","status":"publish","type":"page","link":"https:\/\/vrteckonjice.splet.arnes.si\/?page_id=8827","title":{"rendered":"KOTI\u010cEK ZA ZDRAVJE"},"content":{"rendered":"<p>[et_pb_section bb_built=&#8221;1&#8243; admin_label=&#8221;section&#8221; background_image=&#8221;http:\/\/vrteckonjice.splet.arnes.si\/files\/2020\/04\/53.jpeg&#8221; transparent_background=&#8221;off&#8221; allow_player_pause=&#8221;off&#8221; inner_shadow=&#8221;off&#8221; parallax=&#8221;on&#8221; parallax_method=&#8221;off&#8221; make_fullwidth=&#8221;off&#8221; use_custom_width=&#8221;off&#8221; width_unit=&#8221;on&#8221; make_equal=&#8221;off&#8221; use_custom_gutter=&#8221;off&#8221;][et_pb_row admin_label=&#8221;Row&#8221;][et_pb_column type=&#8221;4_4&#8243;][et_pb_divider admin_label=&#8221;Divider&#8221; color=&#8221;#ffffff&#8221; show_divider=&#8221;off&#8221; height=&#8221;100&#8243; divider_style=&#8221;groove&#8221; divider_position=&#8221;top&#8221; hide_on_mobile=&#8221;on&#8221; \/][\/et_pb_column][\/et_pb_row][et_pb_row admin_label=&#8221;row&#8221; make_fullwidth=&#8221;off&#8221; use_custom_width=&#8221;off&#8221; width_unit=&#8221;on&#8221; use_custom_gutter=&#8221;off&#8221; background_color=&#8221;rgba(255,255,255,0.88)&#8221; allow_player_pause=&#8221;off&#8221; parallax=&#8221;off&#8221; parallax_method=&#8221;on&#8221; make_equal=&#8221;off&#8221; parallax_1=&#8221;off&#8221; parallax_method_1=&#8221;off&#8221;][et_pb_column type=&#8221;4_4&#8243;][et_pb_divider admin_label=&#8221;Divider&#8221; color=&#8221;#ffffff&#8221; show_divider=&#8221;off&#8221; height=&#8221;100&#8243; divider_style=&#8221;groove&#8221; divider_position=&#8221;top&#8221; hide_on_mobile=&#8221;on&#8221; \/][et_pb_text admin_label=&#8221;Text&#8221; background_layout=&#8221;light&#8221; text_orientation=&#8221;left&#8221; use_border_color=&#8221;off&#8221; border_color=&#8221;#ffffff&#8221; border_style=&#8221;solid&#8221; custom_padding=&#8221;|||50px&#8221;]<\/p>\n<h1>KOTI\u010cEK ZA ZDRAVJE<\/h1>\n<ul>\n<li>\n<h5><span style=\"color: #3366ff\"><a style=\"color: #3366ff\" href=\"http:\/\/vrteckonjice.splet.arnes.si\/files\/2020\/04\/Kako-se-pogovoriti-o-koronavirusu.pdf\">Kako se pogovoriti o koronavirusu<\/a><\/span><\/h5>\n<\/li>\n<li>\n<h5><span style=\"color: #3366ff\"><a style=\"color: #3366ff\" href=\"http:\/\/vrteckonjice.splet.arnes.si\/files\/2020\/04\/\u010ciste-roke-za-zdrave-otroke-lutkovni-film.pdf\">\u010ciste roke za zdrave otroke &#8211; lutkovni film<\/a> <\/span><\/h5>\n<\/li>\n<li>\n<h5><span style=\"color: #3366ff\"><a style=\"color: #3366ff\" href=\"http:\/\/vrteckonjice.splet.arnes.si\/files\/2020\/04\/\u010ciste-roke-za-zdrave-otroke-kako-si-pravilno-umije\u0161-roke.pdf\">\u010ciste roke za zdrave otroke- kako si pravilno umije\u0161 roke<\/a> <\/span><\/h5>\n<\/li>\n<li>\n<h5><span style=\"color: #3366ff\"><a style=\"color: #3366ff\" href=\"http:\/\/vrteckonjice.splet.arnes.si\/files\/2020\/04\/Ostal-bom-zdrav-lutkovni-film.pdf\">Ostal bom zdrav &#8211; lutkovni film<\/a> <\/span><\/h5>\n<\/li>\n<li>\n<h5><span style=\"color: #3366ff\"><a style=\"color: #3366ff\" href=\"http:\/\/vrteckonjice.splet.arnes.si\/files\/2020\/04\/Recepti-iz-vrt\u010devske-kuhinje.pdf\">Recepti iz vrt\u010devske kuhinje<\/a> <\/span><\/h5>\n<\/li>\n<li>\n<h5><span style=\"color: #3366ff\"><a style=\"color: #3366ff\" href=\"http:\/\/vrteckonjice.splet.arnes.si\/files\/2020\/04\/Zgodba-o-koronavirusu.pdf\">Zgodba o koronavirusu<\/a><\/span><\/h5>\n<\/li>\n<\/ul>\n<p>[\/et_pb_text][et_pb_divider admin_label=&#8221;Divider&#8221; color=&#8221;#ffffff&#8221; show_divider=&#8221;off&#8221; height=&#8221;100&#8243; divider_style=&#8221;groove&#8221; divider_position=&#8221;top&#8221; hide_on_mobile=&#8221;on&#8221; \/][\/et_pb_column][\/et_pb_row][et_pb_row admin_label=&#8221;Row&#8221;][et_pb_column type=&#8221;4_4&#8243;][et_pb_divider admin_label=&#8221;Divider&#8221; color=&#8221;#ffffff&#8221; show_divider=&#8221;off&#8221; height=&#8221;100&#8243; divider_style=&#8221;groove&#8221; divider_position=&#8221;top&#8221; hide_on_mobile=&#8221;on&#8221; \/][\/et_pb_column][\/et_pb_row][\/et_pb_section]<\/p>\n","protected":false},"excerpt":{"rendered":"<p>KOTI\u010cEK ZA ZDRAVJE Kako se pogovoriti o koronavirusu \u010ciste roke za zdrave otroke &#8211; lutkovni film \u010ciste roke za zdrave otroke- kako si pravilno umije\u0161 roke Ostal bom zdrav &#8211; lutkovni film Recepti iz vrt\u010devske kuhinje Zgodba o koronavirusu<\/p>\n","protected":false},"author":3129,"featured_media":0,"parent":8787,"menu_order":0,"comment_status":"closed","ping_status":"closed","template":"","meta":{"_et_pb_use_builder":"on","_et_pb_old_content":"","_et_gb_content_width":"","ngg_post_thumbnail":0,"footnotes":""},"class_list":["post-8827","page","type-page","status-publish","hentry"],"_links":{"self":[{"href":"https:\/\/vrteckonjice.splet.arnes.si\/index.php?rest_route=\/wp\/v2\/pages\/8827","targetHints":{"allow":["GET"]}}],"collection":[{"href":"https:\/\/vrteckonjice.splet.arnes.si\/index.php?rest_route=\/wp\/v2\/pages"}],"about":[{"href":"https:\/\/vrteckonjice.splet.arnes.si\/index.php?rest_route=\/wp\/v2\/types\/page"}],"author":[{"embeddable":true,"href":"https:\/\/vrteckonjice.splet.arnes.si\/index.php?rest_route=\/wp\/v2\/users\/3129"}],"replies":[{"embeddable":true,"href":"https:\/\/vrteckonjice.splet.arnes.si\/index.php?rest_route=%2Fwp%2Fv2%2Fcomments&post=8827"}],"version-history":[{"count":7,"href":"https:\/\/vrteckonjice.splet.arnes.si\/index.php?rest_route=\/wp\/v2\/pages\/8827\/revisions"}],"predecessor-version":[{"id":8843,"href":"https:\/\/vrteckonjice.splet.arnes.si\/index.php?rest_route=\/wp\/v2\/pages\/8827\/revisions\/8843"}],"up":[{"embeddable":true,"href":"https:\/\/vrteckonjice.splet.arnes.si\/index.php?rest_route=\/wp\/v2\/pages\/8787"}],"wp:attachment":[{"href":"https:\/\/vrteckonjice.splet.arnes.si\/index.php?rest_route=%2Fwp%2Fv2%2Fmedia&parent=8827"}],"curies":[{"name":"wp","href":"https:\/\/api.w.org\/{rel}","templated":true}]}}