{"id":906,"date":"2016-10-10T17:44:03","date_gmt":"2016-10-10T15:44:03","guid":{"rendered":"http:\/\/vrteckonjice.splet.arnes.si\/?page_id=906"},"modified":"2026-04-24T11:36:05","modified_gmt":"2026-04-24T09:36:05","slug":"cene-programov","status":"publish","type":"page","link":"https:\/\/vrteckonjice.splet.arnes.si\/?page_id=906","title":{"rendered":"cene programov"},"content":{"rendered":"<p>[et_pb_section fb_built=&#8221;1&#8243; custom_padding_last_edited=&#8221;on|desktop&#8221; admin_label=&#8221;section&#8221; _builder_version=&#8221;4.16&#8243; background_color=&#8221;rgba(255,255,255,0)&#8221; background_image=&#8221;http:\/\/vrteckonjice.splet.arnes.si\/files\/2016\/08\/Blown_dandelions_-_blue_sky_Ugress_p\u00e5_langtur.jpg&#8221; parallax=&#8221;on&#8221; parallax_method=&#8221;off&#8221; custom_padding_tablet=&#8221;50px|0|50px|0&#8243; custom_padding_phone=&#8221;&#8221; transparent_background=&#8221;on&#8221; padding_mobile=&#8221;off&#8221; global_colors_info=&#8221;{}&#8221;][et_pb_row admin_label=&#8221;row&#8221; _builder_version=&#8221;4.16&#8243; background_color=&#8221;rgba(255,255,255,0.26)&#8221; background_size=&#8221;initial&#8221; background_position=&#8221;top_left&#8221; background_repeat=&#8221;repeat&#8221; custom_padding=&#8221;50px|20px|100px|20px&#8221; global_colors_info=&#8221;{}&#8221;][et_pb_column type=&#8221;4_4&#8243; _builder_version=&#8221;4.16&#8243; custom_padding=&#8221;|||&#8221; global_colors_info=&#8221;{}&#8221; custom_padding__hover=&#8221;|||&#8221;][et_pb_text admin_label=&#8221;Text&#8221; _builder_version=&#8221;4.27.4&#8243; background_size=&#8221;initial&#8221; background_position=&#8221;top_left&#8221; background_repeat=&#8221;repeat&#8221; background_layout=&#8221;dark&#8221; hover_enabled=&#8221;0&#8243; global_colors_info=&#8221;{}&#8221; sticky_enabled=&#8221;0&#8243;]<\/p>\n<p>CENE PROGRAMOV V VRTCIH ZNA\u0160AJO MESE\u010cNO NA OTROKA PO POSAMEZNIH PROGRAMIH PRED\u0160OLSKE VZGOJE:<\/p>\n<h5><a href=\"https:\/\/vrteckonjice.splet.arnes.si\/files\/2026\/04\/Sklep-cene-programov-Vrtec.pdf\" rel=\"attachment wp-att-12125\">Sklep cene programov Vrtec<\/a><\/h5>\n<p><a href=\"https:\/\/vrteckonjice.splet.arnes.si\/files\/2025\/05\/Scan2025-05-16_100306.pdf\" rel=\"attachment wp-att-11701\">cene programov v pdf obliki<\/a><\/p>\n<p>[\/et_pb_text][\/et_pb_column][\/et_pb_row][\/et_pb_section]<\/p>\n","protected":false},"excerpt":{"rendered":"<p>CENE PROGRAMOV V VRTCIH ZNA\u0160AJO MESE\u010cNO NA OTROKA PO POSAMEZNIH PROGRAMIH PRED\u0160OLSKE VZGOJE: Sklep cene programov Vrtec cene programov v pdf obliki<\/p>\n","protected":false},"author":3129,"featured_media":0,"parent":879,"menu_order":0,"comment_status":"closed","ping_status":"open","template":"","meta":{"_et_pb_use_builder":"on","_et_pb_old_content":"<p><strong>CENE PROGRAMOV V VRTCIH ZNA\u0160AJO MESE\u010cNO NA OTROKA PO POSAMEZNIH PROGRAMIH PRED\u0160OLSKE VZGOJE:<\/strong><\/p><table><tbody><tr><td width=\"538\">Vrste programa<\/td><td width=\"161\">Cena programa v EVR<\/td><\/tr><tr class=\"alt\"><td width=\"538\">1. starostno obdobje do 3 let \u2013 dnevni program<\/td><td width=\"161\">450,12<\/td><\/tr><tr><td width=\"538\">2. starostno obdobje 3 do 6 let \u2013 dnevni program<\/td><td width=\"161\">321,24<\/td><\/tr><tr class=\"alt\"><td width=\"538\">Kombinirani oddelki in oddelki 3 do 4 leta \u2013 dnevni program<\/td><td width=\"161\">340,10<\/td><\/tr><tr><td width=\"538\">Poldnevni program v kombiniranih oddelkih in v oddelkih 2. Starostnega obdobja<\/td><td width=\"161\">289,12<\/td><\/tr><\/tbody><\/table><p>\u00a0<\/p>","_et_gb_content_width":"","ngg_post_thumbnail":0,"footnotes":""},"class_list":["post-906","page","type-page","status-publish","hentry"],"_links":{"self":[{"href":"https:\/\/vrteckonjice.splet.arnes.si\/index.php?rest_route=\/wp\/v2\/pages\/906","targetHints":{"allow":["GET"]}}],"collection":[{"href":"https:\/\/vrteckonjice.splet.arnes.si\/index.php?rest_route=\/wp\/v2\/pages"}],"about":[{"href":"https:\/\/vrteckonjice.splet.arnes.si\/index.php?rest_route=\/wp\/v2\/types\/page"}],"author":[{"embeddable":true,"href":"https:\/\/vrteckonjice.splet.arnes.si\/index.php?rest_route=\/wp\/v2\/users\/3129"}],"replies":[{"embeddable":true,"href":"https:\/\/vrteckonjice.splet.arnes.si\/index.php?rest_route=%2Fwp%2Fv2%2Fcomments&post=906"}],"version-history":[{"count":14,"href":"https:\/\/vrteckonjice.splet.arnes.si\/index.php?rest_route=\/wp\/v2\/pages\/906\/revisions"}],"predecessor-version":[{"id":12130,"href":"https:\/\/vrteckonjice.splet.arnes.si\/index.php?rest_route=\/wp\/v2\/pages\/906\/revisions\/12130"}],"up":[{"embeddable":true,"href":"https:\/\/vrteckonjice.splet.arnes.si\/index.php?rest_route=\/wp\/v2\/pages\/879"}],"wp:attachment":[{"href":"https:\/\/vrteckonjice.splet.arnes.si\/index.php?rest_route=%2Fwp%2Fv2%2Fmedia&parent=906"}],"curies":[{"name":"wp","href":"https:\/\/api.w.org\/{rel}","templated":true}]}}