{"id":914,"date":"2016-10-10T17:51:14","date_gmt":"2016-10-10T15:51:14","guid":{"rendered":"http:\/\/vrteckonjice.splet.arnes.si\/?page_id=914"},"modified":"2024-09-09T13:22:36","modified_gmt":"2024-09-09T11:22:36","slug":"obvestilo-o-alergenih-v-zivilih","status":"publish","type":"page","link":"https:\/\/vrteckonjice.splet.arnes.si\/?page_id=914","title":{"rendered":"obvestilo o alergenih v \u017eivilih"},"content":{"rendered":"<p>[et_pb_section fb_built=&#8221;1&#8243; custom_padding_last_edited=&#8221;on|desktop&#8221; admin_label=&#8221;section&#8221; _builder_version=&#8221;4.18.0&#8243; background_color=&#8221;RGBA(255,255,255,0)&#8221; background_image=&#8221;https:\/\/vrteckonjice.splet.arnes.si\/files\/2023\/09\/pexels-lukas-616401-scaled.jpg&#8221; parallax=&#8221;on&#8221; custom_padding_tablet=&#8221;50px|0|50px|0&#8243; custom_padding_phone=&#8221;50px|0|50px|0&#8243; transparent_background=&#8221;on&#8221; padding_mobile=&#8221;off&#8221; make_fullwidth=&#8221;off&#8221; use_custom_width=&#8221;off&#8221; width_unit=&#8221;on&#8221; global_colors_info=&#8221;{}&#8221;][et_pb_row admin_label=&#8221;row&#8221; _builder_version=&#8221;4.18.0&#8243; background_color=&#8221;RGBA(255,255,255,0)&#8221; background_size=&#8221;initial&#8221; background_position=&#8221;top_left&#8221; background_repeat=&#8221;repeat&#8221; global_colors_info=&#8221;{}&#8221;][et_pb_column type=&#8221;4_4&#8243; _builder_version=&#8221;4.18.0&#8243; custom_padding=&#8221;|||&#8221; global_colors_info=&#8221;{}&#8221; custom_padding__hover=&#8221;|||&#8221;][et_pb_divider show_divider=&#8221;off&#8221; _builder_version=&#8221;4.18.0&#8243; _module_preset=&#8221;default&#8221; height=&#8221;130px&#8221; global_colors_info=&#8221;{}&#8221;][\/et_pb_divider][\/et_pb_column][\/et_pb_row][et_pb_row admin_label=&#8221;row&#8221; _builder_version=&#8221;4.18.0&#8243; background_color=&#8221;rgba(0,0,0,0.74)&#8221; background_size=&#8221;initial&#8221; background_position=&#8221;top_left&#8221; background_repeat=&#8221;repeat&#8221; global_colors_info=&#8221;{}&#8221;][et_pb_column type=&#8221;4_4&#8243; _builder_version=&#8221;4.18.0&#8243; custom_padding=&#8221;|||&#8221; global_colors_info=&#8221;{}&#8221; custom_padding__hover=&#8221;|||&#8221;][et_pb_text _builder_version=&#8221;4.27.0&#8243; _module_preset=&#8221;default&#8221; background_color=&#8221;RGBA(255,255,255,0)&#8221; parallax=&#8221;on&#8221; custom_padding=&#8221;|20px||20px|false|false&#8221; hover_enabled=&#8221;0&#8243; global_colors_info=&#8221;{}&#8221; sticky_enabled=&#8221;0&#8243;]<\/p>\n<h3>\u00a0<\/h3>\n<h3 style=\"text-align: center\"><span style=\"color: #ffffff\">OBVESTILO<\/span><\/h3>\n<p>&nbsp;<\/p>\n<p><span style=\"color: #ffffff\">Spo\u0161tovani star\u0161i! Na osnovi Uredbe o zagotavljanju informacij o \u017eivilih potro\u0161nikom \u0161t. 1169\/2011 in Uredbe o izvajanju uredbe (EU) o zagotavljanju informacij o \u017eivilih potro\u0161nikom (Uradni list RS, \u0161t. 6\/14), vas obve\u0161\u010damo o seznamu sestavin ali proizvodov, ki povzro\u010dajo alergije ali preob\u010dutljivosti (t.i. alergeni) in so navedeni v Prilogi II Uredbe 1169\/2004. Kot obrat javne prehrane, vas na podlagi 3. \u010dlena Uredbe 1169\/20014, seznanjamo z mo\u017enimi alergeni, ki jih lahko vsebujejo \u017eivila na na\u0161em jedilniku. Tak\u0161no ozna\u010devanje je za nas obvezno, za vas pa pomeni, da ste obve\u0161\u010deni, katere alergene lahko vsebuje hrana, ki jo ponujamo va\u0161im otrokom. Tudi v prihodnje se bo dietna prehrana pripravljala individualno, na osnovi dostavljenega veljavnega zdravni\u0161kega potrdila uradne medicine in skladno z internimi navodili vrtca. V kolikor imate o izvedenih postopkih izvajanja dolo\u010dil omenjene Uredbe kak\u0161no vpra\u0161anje, se lahko obrnete na OPZHR, Petro Topli\u010danec. <\/span><\/p>\n<p><span style=\"color: #ffffff\">Priloga obvestila: \u2022 Priloga II Uredbe, ki navaja seznam snovi, ki lahko povzro\u010dajo alergije ali preob\u010dutljivost pri posameznikih. \u00a0 <\/span><\/p>\n<p><span style=\"color: #ffffff\">Lep pozdrav!<\/span><\/p>\n<p>&nbsp;<\/p>\n<p><span style=\"color: #ffffff\">Pripravila:\u00a0 \u00a0 \u00a0 \u00a0 \u00a0 \u00a0 \u00a0 \u00a0 \u00a0 \u00a0 \u00a0 \u00a0 \u00a0 \u00a0 \u00a0 \u00a0 \u00a0 \u00a0 \u00a0 \u00a0 \u00a0 \u00a0 \u00a0 \u00a0 \u00a0 \u00a0 \u00a0 \u00a0 Ravnatelj:<\/span><\/p>\n<p><span style=\"color: #ffffff\">Petra Topli\u010danec, OPZHR\u00a0 \u00a0 \u00a0 \u00a0 \u00a0 \u00a0 \u00a0 \u00a0 \u00a0 \u00a0 \u00a0 \u00a0 \u00a0 \u00a0 \u00a0Toma\u017e Popovi\u010d, dipl. vzg.<\/span><\/p>\n<p>&nbsp;<\/p>\n<p>&nbsp;<\/p>\n<p><span style=\"color: #ffffff\">PRILOGA II<\/span><\/p>\n<p><span style=\"color: #ffffff\">SNOVI ALI PROIZVODI, KI POVZRO\u010cAJO ALERGIJE ALI PREOB\u010cUTLJIVOSTI 1. \u017dita, ki vsebujejo gluten, zlasti: p\u0161enica, r\u017e, je\u010dmen, oves, pira, kamut ali njihove kri\u017eane vrste, in proizvodi iz njih, razen: \u2022 glukoznih sirupov na osnovi p\u0161enice, vklju\u010dno z dekstrozo (42) \u2022 maltodekstrinov na osnovi p\u0161enice (42) \u2022 glukoznih sirupov na osnovi je\u010dmena \u2022 \u017eit, ki se uporabljajo za alkoholne destilate, vklju\u010dno z etilnim alkoholom kmetijskega izvora 2. raki in proizvodi iz njih 3. jajca in proizvodi iz njih 4. ribe in proizvodi iz njih, razen: \u2022 ribje \u017eelatine, ki se uporablja kot nosilec za vitamine ali karotenoide \u2022 ribje \u017eelatine ali \u017eelatine iz ribjih mehurjev, ki se uporablja kot sredstvo za bistrenje piva in vina 5. ara\u0161idi (kikiriki) in proizvodi iz njih 6. zrnje soje in proizvodi iz njega, razen: \u2022 popolnoma rafiniranega sojinega olja in ma\u0161\u010dob (42) \u2022 naravnih zmesi tokoferola (E306), naravnega D-alfa-tokoferola, naravnega D-alfa-tokoferol acetata, naravnega D-alfa-tokoferol sukcinata iz soje \u2022 rastlinskih sterolov in estrov rastlinskih sterolov iz sojinega olja \u2022 rastlinskih estrov stanola, proizvedenih iz sterolov iz sojinega olja 7. mleko in mle\u010dni proizvodi (ki vsebujejo laktozo), razen: \u2022 sirotke, ki se uporablja za alkoholne destilate, vklju\u010dno z etilnim alkoholom kmetijskega izvora \u2022 laktitola 8. ore\u0161ki, in sicer mandlji (Amygdalus communisL.), le\u0161niki (Corylus avellana), orehi (Juglans regia), indijski ore\u0161 ore\u0161\u010dki (Anacardium occidentale), ameri\u0161ki orehi (Carya illinoinensis(Wangenh.) K. Koch), brazilski ore\u0161\u010dki (Bertholletia excelsa), pistacija (Pistacia vera), makadamija ali orehi Queensland (Macadamia ternifolia) ter proizvodi iz njih, razen ore\u0161kov, ki se uporabljajo za alkoholne destilate, vklju\u010dno z etilnim alkoholom kmetijskega izvora 9. listna zelena in proizvodi iz nje; 10. gor\u010di\u010dno seme in proizvodi iz njega 11. sezamovo seme in proizvodi iz njega 12. \u017eveplov dioksid in sulfiti v koncentraciji ve\u010d kot 10 mg\/kg ali 10 mg\/l glede na skupni SO2, ki se izra\u010dunajo za proizvode, ki so pripravljeni za u\u017eivanje ali obnovljeni v skladu z navodili proizvajalcev 13. vol\u010dji bob in proizvodi iz njega 14. mehku\u017eci in proizvodi iz njih. (42) In proizvodov iz njih, \u010de ni mo\u017enosti, da bi se zaradi postopka njihove predelave pove\u010dala stopnja alergenosti, kakr\u0161na po ocenah Efse velja za ustrezni proizvod, iz katerega ti izhajajo.<\/span><\/p>\n<p>&nbsp;<\/p>\n<p>&nbsp;<\/p>\n<p>[\/et_pb_text][\/et_pb_column][\/et_pb_row][\/et_pb_section]<\/p>\n","protected":false},"excerpt":{"rendered":"<p>\u00a0 OBVESTILO &nbsp; Spo\u0161tovani star\u0161i! Na osnovi Uredbe o zagotavljanju informacij o \u017eivilih potro\u0161nikom \u0161t. 1169\/2011 in Uredbe o izvajanju uredbe (EU) o zagotavljanju informacij o \u017eivilih potro\u0161nikom (Uradni list RS, \u0161t. 6\/14), vas obve\u0161\u010damo o seznamu sestavin ali proizvodov, ki povzro\u010dajo alergije ali preob\u010dutljivosti (t.i. alergeni) in so navedeni v Prilogi II Uredbe 1169\/2004. [&hellip;]<\/p>\n","protected":false},"author":3129,"featured_media":0,"parent":910,"menu_order":0,"comment_status":"closed","ping_status":"open","template":"","meta":{"_et_pb_use_builder":"on","_et_pb_old_content":"<p>Slovenske Konjice, 1. 12. 2014<\/p><h3>OBVESTILO<\/h3><p>Spo\u0161tovani star\u0161i!<\/p><p>Na osnovi Uredbe o zagotavljanju informacij o \u017eivilih potro\u0161nikom \u0161t. 1169\/2011 in Uredbe o izvajanju uredbe (EU) o zagotavljanju informacij o \u017eivilih potro\u0161nikom (Uradni list RS, \u0161t. 6\/14), vas obve\u0161\u010damo o seznamu sestavin ali proizvodov, ki povzro\u010dajo alergije ali preob\u010dutljivosti (t.i. alergeni) in so navedeni v Prilogi II Uredbe 1169\/2004.<\/p><p>Kot obrat javne prehrane, vas na podlagi 3. \u010dlena Uredbe 1169\/20014, seznanjamo z mo\u017enimi alergeni, ki jih lahko vsebujejo \u017eivila na na\u0161em jedilniku.<\/p><p>Tak\u0161no ozna\u010devanje je za nas obvezno, za vas pa pomeni, da ste obve\u0161\u010deni, katere alergene lahko vsebuje hrana, ki jo ponujamo va\u0161im otrokom. Tudi v prihodnje se bo dietna prehrana pripravljala individualno, na osnovi dostavljenega veljavnega zdravni\u0161kega potrdila uradne medicine in skladno z internimi navodili vrtca.<\/p><p>V kolikor imate o izvedenih postopkih izvajanja dolo\u010dil omenjene Uredbe kak\u0161no vpra\u0161anje, se lahko obrnete na OPZHR, Dorotejo Purkeljc (doroteja.purkeljc@gmail.com, 030 642 731).<br \/> Priloga obvestila:<br \/> \u2022 Priloga II Uredbe, ki navaja seznam snovi, ki lahko povzro\u010dajo alergije ali preob\u010dutljivost pri posameznikih.<\/p><p>\u00a0<\/p><p>Lep pozdrav!<br \/> Pripravila:\u00a0\u00a0\u00a0\u00a0\u00a0\u00a0\u00a0\u00a0\u00a0\u00a0\u00a0\u00a0\u00a0\u00a0\u00a0\u00a0\u00a0\u00a0\u00a0\u00a0\u00a0\u00a0\u00a0\u00a0\u00a0\u00a0\u00a0\u00a0\u00a0\u00a0\u00a0 \u00a0 \u00a0 \u00a0 \u00a0 \u00a0 \u00a0 \u00a0 \u00a0 Ravnatelj:<br \/> Doroteja Purkeljc, OPZHR, l. r.\u00a0\u00a0\u00a0\u00a0\u00a0\u00a0\u00a0\u00a0\u00a0\u00a0\u00a0 \u00a0\u00a0 Toma\u017e Popovi\u010d, dipl. vzg.<\/p><p>\u00a0<\/p><p>\u00a0<\/p><p>\u00a0<\/p><p>\u00a0<\/p><p>PRILOGA II<br \/> SNOVI ALI PROIZVODI, KI POVZRO\u010cAJO ALERGIJE ALI PREOB\u010cUTLJIVOSTI<\/p><p>1. \u017dita, ki vsebujejo gluten, zlasti: p\u0161enica, r\u017e, je\u010dmen, oves, pira, kamut ali njihove kri\u017eane vrste, in proizvodi iz njih, razen:<br \/> \u2022 glukoznih sirupov na osnovi p\u0161enice, vklju\u010dno z dekstrozo (42)<br \/> \u2022 maltodekstrinov na osnovi p\u0161enice (42)<br \/> \u2022 glukoznih sirupov na osnovi je\u010dmena<br \/> \u2022 \u017eit, ki se uporabljajo za alkoholne destilate, vklju\u010dno z etilnim alkoholom kmetijskega izvora<br \/> 2. raki in proizvodi iz njih<br \/> 3. jajca in proizvodi iz njih<br \/> 4. ribe in proizvodi iz njih, razen:<br \/> \u2022 ribje \u017eelatine, ki se uporablja kot nosilec za vitamine ali karotenoide<br \/> \u2022 ribje \u017eelatine ali \u017eelatine iz ribjih mehurjev, ki se uporablja kot sredstvo za bistrenje piva in vina<br \/> 5. ara\u0161idi (kikiriki) in proizvodi iz njih<br \/> 6. zrnje soje in proizvodi iz njega, razen:<br \/> \u2022 popolnoma rafiniranega sojinega olja in ma\u0161\u010dob (42)<br \/> \u2022 naravnih zmesi tokoferola (E306), naravnega D-alfa-tokoferola, naravnega D-alfa-tokoferol acetata, naravnega D-alfa-tokoferol sukcinata iz soje<br \/> \u2022 rastlinskih sterolov in estrov rastlinskih sterolov iz sojinega olja<br \/> \u2022 rastlinskih estrov stanola, proizvedenih iz sterolov iz sojinega olja<br \/> 7. mleko in mle\u010dni proizvodi (ki vsebujejo laktozo), razen:<br \/> \u2022 sirotke, ki se uporablja za alkoholne destilate, vklju\u010dno z etilnim alkoholom kmetijskega izvora<br \/> \u2022 laktitola<br \/> 8. ore\u0161ki, in sicer mandlji (Amygdalus communisL.), le\u0161niki (Corylus avellana), orehi (Juglans regia), indijski ore\u0161 ore\u0161\u010dki (Anacardium occidentale), ameri\u0161ki orehi (Carya illinoinensis(Wangenh.) K. Koch), brazilski ore\u0161\u010dki (Bertholletia excelsa), pistacija (Pistacia vera), makadamija ali orehi Queensland (Macadamia ternifolia) ter proizvodi iz njih, razen ore\u0161kov, ki se uporabljajo za alkoholne destilate, vklju\u010dno z etilnim alkoholom kmetijskega izvora<br \/> 9. listna zelena in proizvodi iz nje;<br \/> 10. gor\u010di\u010dno seme in proizvodi iz njega<br \/> 11. sezamovo seme in proizvodi iz njega<br \/> 12. \u017eveplov dioksid in sulfiti v koncentraciji ve\u010d kot 10 mg\/kg ali 10 mg\/l glede na skupni SO2, ki se izra\u010dunajo za proizvode, ki so pripravljeni za u\u017eivanje ali obnovljeni v skladu z navodili proizvajalcev<br \/> 13. vol\u010dji bob in proizvodi iz njega<br \/> 14. mehku\u017eci in proizvodi iz njih.<\/p><p>(42) In proizvodov iz njih, \u010de ni mo\u017enosti, da bi se zaradi postopka njihove predelave pove\u010dala stopnja alergenosti, kakr\u0161na po ocenah Efse velja za ustrezni proizvod, iz katerega ti izhajajo.<\/p>","_et_gb_content_width":"","ngg_post_thumbnail":0,"footnotes":""},"class_list":["post-914","page","type-page","status-publish","hentry"],"_links":{"self":[{"href":"https:\/\/vrteckonjice.splet.arnes.si\/index.php?rest_route=\/wp\/v2\/pages\/914","targetHints":{"allow":["GET"]}}],"collection":[{"href":"https:\/\/vrteckonjice.splet.arnes.si\/index.php?rest_route=\/wp\/v2\/pages"}],"about":[{"href":"https:\/\/vrteckonjice.splet.arnes.si\/index.php?rest_route=\/wp\/v2\/types\/page"}],"author":[{"embeddable":true,"href":"https:\/\/vrteckonjice.splet.arnes.si\/index.php?rest_route=\/wp\/v2\/users\/3129"}],"replies":[{"embeddable":true,"href":"https:\/\/vrteckonjice.splet.arnes.si\/index.php?rest_route=%2Fwp%2Fv2%2Fcomments&post=914"}],"version-history":[{"count":15,"href":"https:\/\/vrteckonjice.splet.arnes.si\/index.php?rest_route=\/wp\/v2\/pages\/914\/revisions"}],"predecessor-version":[{"id":11548,"href":"https:\/\/vrteckonjice.splet.arnes.si\/index.php?rest_route=\/wp\/v2\/pages\/914\/revisions\/11548"}],"up":[{"embeddable":true,"href":"https:\/\/vrteckonjice.splet.arnes.si\/index.php?rest_route=\/wp\/v2\/pages\/910"}],"wp:attachment":[{"href":"https:\/\/vrteckonjice.splet.arnes.si\/index.php?rest_route=%2Fwp%2Fv2%2Fmedia&parent=914"}],"curies":[{"name":"wp","href":"https:\/\/api.w.org\/{rel}","templated":true}]}}